{"id":273,"date":"2020-10-15T08:18:08","date_gmt":"2020-10-15T08:18:08","guid":{"rendered":"https:\/\/hotel-ostas.cz\/?page_id=273"},"modified":"2022-07-23T22:24:44","modified_gmt":"2022-07-23T20:24:44","slug":"domu","status":"publish","type":"page","link":"https:\/\/hotel-ostas.cz\/","title":{"rendered":"V\u00edt\u00e1me v\u00e1s na str\u00e1nk\u00e1ch Hotelu Osta\u0161!"},"content":{"rendered":"\t\t<div data-elementor-type=\"wp-post\" data-elementor-id=\"273\" class=\"elementor elementor-273\">\n\t\t\t\t\t\t<section class=\"elementor-section elementor-top-section elementor-element elementor-element-2f72ac3e elementor-section-boxed elementor-section-height-default elementor-section-height-default\" data-id=\"2f72ac3e\" data-element_type=\"section\">\n\t\t\t\t\t\t<div class=\"elementor-container elementor-column-gap-default\">\n\t\t\t\t\t<div class=\"elementor-column elementor-col-100 elementor-top-column elementor-element elementor-element-54568ded\" data-id=\"54568ded\" data-element_type=\"column\">\n\t\t\t<div class=\"elementor-widget-wrap elementor-element-populated\">\n\t\t\t\t\t\t<div class=\"elementor-element elementor-element-2be1574f animated-slow elementor-invisible elementor-widget elementor-widget-text-editor\" data-id=\"2be1574f\" data-element_type=\"widget\" data-settings=\"{&quot;_animation&quot;:&quot;slideInUp&quot;,&quot;_animation_delay&quot;:400}\" data-widget_type=\"text-editor.default\">\n\t\t\t\t<div class=\"elementor-widget-container\">\n\t\t\t\t\t\t\t\t\t<p>Nach\u00e1z\u00edme se v chr\u00e1n\u011bn\u00e9 krajinn\u00e9 oblasti Broumovsko v bl\u00edzkosti Teplicko \u2013 Adr\u0161pa\u0161sk\u00fdch skal. Rozlehl\u00e1 p\u0159\u00edrodn\u00ed rezervace p\u00edskovcov\u00fdch skal je r\u00e1jem pro p\u0159\u00edznivce turistiky, cykloturistiky a horolezectv\u00ed. N\u00e1\u0161 hotel je v sam\u00e9m centru m\u011bsta, kde poskytujeme klidn\u00e9 ubytov\u00e1n\u00ed s teplou kuchyn\u00ed po cel\u00fd den. V\u00fdborn\u00e9 \u010depovan\u00e9 pivo V\u00e1m bude chutnat jak v sal\u00f3nku, tak na zahr\u00e1dce, p\u0159i sledov\u00e1n\u00ed Va\u0161i ratolesti v d\u011btsk\u00e9m koutku.<\/p><p>\u00a0<\/p><ul><li style=\"list-style-type: none;\"><ul><li style=\"list-style-type: none;\"><ul><li style=\"list-style-type: none;\"><ul><li style=\"list-style-type: none;\"><ul><li style=\"list-style-type: none;\"><ul><li style=\"list-style-type: none;\"><ul><li style=\"list-style-type: none;\"><ul><li style=\"list-style-type: none;\"><ul><li style=\"list-style-type: none;\"><ul class=\"block-editor-rich-text__editable editor-rich-text__editable\" role=\"textbox\" contenteditable=\"true\" aria-multiline=\"true\" data-is-placeholder-visible=\"false\" aria-label=\"Napi\u0161te seznam\u2026\" aria-autocomplete=\"list\"><li>tradi\u010dn\u00ed \u010desk\u00e1 kuchyn\u011b<\/li><li>v letn\u00edm obdob\u00ed klidn\u00e1 zahr\u00e1dka s grilem<\/li><li>parkov\u00e1n\u00ed u hotelu<\/li><li>wifi v cel\u00e9m are\u00e1lu<\/li><\/ul><\/li><\/ul><\/li><\/ul><\/li><\/ul><\/li><\/ul><\/li><\/ul><\/li><\/ul><\/li><\/ul><\/li><\/ul><\/li><\/ul><p>Srde\u010dn\u011b se na V\u00e1s t\u011b\u0161\u00ed team hotelu Osta\u0161<\/p>\t\t\t\t\t\t\t\t<\/div>\n\t\t\t\t<\/div>\n\t\t\t\t\t<\/div>\n\t\t<\/div>\n\t\t\t\t\t<\/div>\n\t\t<\/section>\n\t\t\t\t<section class=\"elementor-section elementor-top-section elementor-element elementor-element-9ca2a3c elementor-section-boxed elementor-section-height-default elementor-section-height-default\" data-id=\"9ca2a3c\" data-element_type=\"section\">\n\t\t\t\t\t\t<div class=\"elementor-container elementor-column-gap-default\">\n\t\t\t\t\t<div class=\"elementor-column elementor-col-100 elementor-top-column elementor-element elementor-element-63fdeaa\" data-id=\"63fdeaa\" data-element_type=\"column\">\n\t\t\t<div class=\"elementor-widget-wrap elementor-element-populated\">\n\t\t\t\t\t\t<div class=\"elementor-element elementor-element-42eecb7 elementor-arrows-position-inside elementor-pagination-position-outside elementor-invisible elementor-widget elementor-widget-image-carousel\" data-id=\"42eecb7\" data-element_type=\"widget\" data-settings=\"{&quot;_animation&quot;:&quot;fadeIn&quot;,&quot;_animation_delay&quot;:1800,&quot;navigation&quot;:&quot;both&quot;,&quot;autoplay&quot;:&quot;yes&quot;,&quot;pause_on_hover&quot;:&quot;yes&quot;,&quot;pause_on_interaction&quot;:&quot;yes&quot;,&quot;autoplay_speed&quot;:5000,&quot;infinite&quot;:&quot;yes&quot;,&quot;speed&quot;:500}\" data-widget_type=\"image-carousel.default\">\n\t\t\t\t<div class=\"elementor-widget-container\">\n\t\t\t\t\t\t\t<div class=\"elementor-image-carousel-wrapper swiper\" role=\"region\" aria-roledescription=\"carousel\" aria-label=\"Obr\u00e1zkov\u00fd koloto\u010d\" dir=\"ltr\">\n\t\t\t<div class=\"elementor-image-carousel swiper-wrapper\" aria-live=\"off\">\n\t\t\t\t\t\t\t\t<div class=\"swiper-slide\" role=\"group\" aria-roledescription=\"slide\" aria-label=\"1 z 12\"><figure class=\"swiper-slide-inner\"><img decoding=\"async\" class=\"swiper-slide-image\" src=\"https:\/\/hotel-ostas.cz\/wp-content\/uploads\/2021\/03\/DSC_0073-150x150.jpg\" alt=\"DSC_0073\" \/><\/figure><\/div><div class=\"swiper-slide\" role=\"group\" aria-roledescription=\"slide\" aria-label=\"2 z 12\"><figure class=\"swiper-slide-inner\"><img decoding=\"async\" class=\"swiper-slide-image\" src=\"https:\/\/hotel-ostas.cz\/wp-content\/uploads\/2021\/03\/DSC_0098-150x150.jpg\" alt=\"DSC_0098\" \/><\/figure><\/div><div class=\"swiper-slide\" role=\"group\" aria-roledescription=\"slide\" aria-label=\"3 z 12\"><figure class=\"swiper-slide-inner\"><img decoding=\"async\" class=\"swiper-slide-image\" src=\"https:\/\/hotel-ostas.cz\/wp-content\/uploads\/2021\/03\/DSC_0105-150x150.jpg\" alt=\"DSC_0105\" \/><\/figure><\/div><div class=\"swiper-slide\" role=\"group\" aria-roledescription=\"slide\" aria-label=\"4 z 12\"><figure class=\"swiper-slide-inner\"><img decoding=\"async\" class=\"swiper-slide-image\" src=\"https:\/\/hotel-ostas.cz\/wp-content\/uploads\/2021\/03\/DSC_0128-150x150.jpg\" alt=\"DSC_0128\" \/><\/figure><\/div><div class=\"swiper-slide\" role=\"group\" aria-roledescription=\"slide\" aria-label=\"5 z 12\"><figure class=\"swiper-slide-inner\"><img decoding=\"async\" class=\"swiper-slide-image\" src=\"https:\/\/hotel-ostas.cz\/wp-content\/uploads\/2021\/03\/DSC_0341-150x150.jpg\" alt=\"DSC_0341\" \/><\/figure><\/div><div class=\"swiper-slide\" role=\"group\" aria-roledescription=\"slide\" aria-label=\"6 z 12\"><figure class=\"swiper-slide-inner\"><img decoding=\"async\" class=\"swiper-slide-image\" src=\"https:\/\/hotel-ostas.cz\/wp-content\/uploads\/2021\/03\/DSC_0371-150x150.jpg\" alt=\"DSC_0371\" \/><\/figure><\/div><div class=\"swiper-slide\" role=\"group\" aria-roledescription=\"slide\" aria-label=\"7 z 12\"><figure class=\"swiper-slide-inner\"><img decoding=\"async\" class=\"swiper-slide-image\" src=\"https:\/\/hotel-ostas.cz\/wp-content\/uploads\/2021\/03\/DSC_0376-150x150.jpg\" alt=\"DSC_0376\" \/><\/figure><\/div><div class=\"swiper-slide\" role=\"group\" aria-roledescription=\"slide\" aria-label=\"8 z 12\"><figure class=\"swiper-slide-inner\"><img decoding=\"async\" class=\"swiper-slide-image\" src=\"https:\/\/hotel-ostas.cz\/wp-content\/uploads\/2021\/03\/DSC_0384-150x150.jpg\" alt=\"DSC_0384\" \/><\/figure><\/div><div class=\"swiper-slide\" role=\"group\" aria-roledescription=\"slide\" aria-label=\"9 z 12\"><figure class=\"swiper-slide-inner\"><img decoding=\"async\" class=\"swiper-slide-image\" src=\"https:\/\/hotel-ostas.cz\/wp-content\/uploads\/2021\/03\/DSC_0393-150x150.jpg\" alt=\"DSC_0393\" \/><\/figure><\/div><div class=\"swiper-slide\" role=\"group\" aria-roledescription=\"slide\" aria-label=\"10 z 12\"><figure class=\"swiper-slide-inner\"><img decoding=\"async\" class=\"swiper-slide-image\" src=\"https:\/\/hotel-ostas.cz\/wp-content\/uploads\/2021\/03\/DSC_0422-150x150.jpg\" alt=\"DSC_0422\" \/><\/figure><\/div><div class=\"swiper-slide\" role=\"group\" aria-roledescription=\"slide\" aria-label=\"11 z 12\"><figure class=\"swiper-slide-inner\"><img decoding=\"async\" class=\"swiper-slide-image\" src=\"https:\/\/hotel-ostas.cz\/wp-content\/uploads\/2021\/03\/DSC_0453-150x150.jpg\" alt=\"DSC_0453\" \/><\/figure><\/div><div class=\"swiper-slide\" role=\"group\" aria-roledescription=\"slide\" aria-label=\"12 z 12\"><figure class=\"swiper-slide-inner\"><img decoding=\"async\" class=\"swiper-slide-image\" src=\"https:\/\/hotel-ostas.cz\/wp-content\/uploads\/2021\/03\/DSC_0503-150x150.jpg\" alt=\"DSC_0503\" \/><\/figure><\/div>\t\t\t<\/div>\n\t\t\t\t\t\t\t\t\t\t\t\t<div class=\"elementor-swiper-button elementor-swiper-button-prev\" role=\"button\" tabindex=\"0\">\n\t\t\t\t\t\t<i aria-hidden=\"true\" class=\"eicon-chevron-left\"><\/i>\t\t\t\t\t<\/div>\n\t\t\t\t\t<div class=\"elementor-swiper-button elementor-swiper-button-next\" role=\"button\" tabindex=\"0\">\n\t\t\t\t\t\t<i aria-hidden=\"true\" class=\"eicon-chevron-right\"><\/i>\t\t\t\t\t<\/div>\n\t\t\t\t\n\t\t\t\t\t\t\t\t\t<div class=\"swiper-pagination\"><\/div>\n\t\t\t\t\t\t\t\t\t<\/div>\n\t\t\t\t\t\t<\/div>\n\t\t\t\t<\/div>\n\t\t\t\t\t<\/div>\n\t\t<\/div>\n\t\t\t\t\t<\/div>\n\t\t<\/section>\n\t\t\t\t<\/div>\n\t\t","protected":false},"excerpt":{"rendered":"<p>Nach\u00e1z\u00edme se v chr\u00e1n\u011bn\u00e9 krajinn\u00e9 oblasti Broumovsko v bl\u00edzkosti Teplicko \u2013 Adr\u0161pa\u0161sk\u00fdch skal. Rozlehl\u00e1 p\u0159\u00edrodn\u00ed rezervace p\u00edskovcov\u00fdch skal je r\u00e1jem pro p\u0159\u00edznivce turistiky, cykloturistiky a horolezectv\u00ed. N\u00e1\u0161 hotel je v sam\u00e9m centru m\u011bsta, kde poskytujeme klidn\u00e9 ubytov\u00e1n\u00ed s teplou kuchyn\u00ed po cel\u00fd den. V\u00fdborn\u00e9 \u010depovan\u00e9 pivo V\u00e1m bude chutnat jak v sal\u00f3nku, tak na zahr\u00e1dce, &hellip; <\/p>\n<p class=\"link-more\"><a href=\"https:\/\/hotel-ostas.cz\/\" class=\"more-link\">Pokra\u010dovat ve \u010dten\u00ed<span class=\"screen-reader-text\"> &#8222;V\u00edt\u00e1me v\u00e1s na str\u00e1nk\u00e1ch Hotelu Osta\u0161!&#8220;<\/span><\/a><\/p>\n","protected":false},"author":1,"featured_media":0,"parent":0,"menu_order":0,"comment_status":"closed","ping_status":"closed","template":"","meta":{"footnotes":""},"class_list":["post-273","page","type-page","status-publish","hentry"],"_links":{"self":[{"href":"https:\/\/hotel-ostas.cz\/index.php\/wp-json\/wp\/v2\/pages\/273","targetHints":{"allow":["GET"]}}],"collection":[{"href":"https:\/\/hotel-ostas.cz\/index.php\/wp-json\/wp\/v2\/pages"}],"about":[{"href":"https:\/\/hotel-ostas.cz\/index.php\/wp-json\/wp\/v2\/types\/page"}],"author":[{"embeddable":true,"href":"https:\/\/hotel-ostas.cz\/index.php\/wp-json\/wp\/v2\/users\/1"}],"replies":[{"embeddable":true,"href":"https:\/\/hotel-ostas.cz\/index.php\/wp-json\/wp\/v2\/comments?post=273"}],"version-history":[{"count":42,"href":"https:\/\/hotel-ostas.cz\/index.php\/wp-json\/wp\/v2\/pages\/273\/revisions"}],"predecessor-version":[{"id":730,"href":"https:\/\/hotel-ostas.cz\/index.php\/wp-json\/wp\/v2\/pages\/273\/revisions\/730"}],"wp:attachment":[{"href":"https:\/\/hotel-ostas.cz\/index.php\/wp-json\/wp\/v2\/media?parent=273"}],"curies":[{"name":"wp","href":"https:\/\/api.w.org\/{rel}","templated":true}]}}