{"id":302,"date":"2021-01-13T01:10:18","date_gmt":"2021-01-13T01:10:18","guid":{"rendered":"https:\/\/hotel-ostas.cz\/?page_id=302"},"modified":"2024-01-09T00:49:40","modified_gmt":"2024-01-08T23:49:40","slug":"ubytovani","status":"publish","type":"page","link":"https:\/\/hotel-ostas.cz\/index.php\/ubytovani\/","title":{"rendered":"Ubytov\u00e1n\u00ed"},"content":{"rendered":"\t\t<div data-elementor-type=\"wp-post\" data-elementor-id=\"302\" class=\"elementor elementor-302\">\n\t\t\t\t\t\t<section class=\"elementor-section elementor-top-section elementor-element elementor-element-2c802c89 elementor-section-boxed elementor-section-height-default elementor-section-height-default\" data-id=\"2c802c89\" data-element_type=\"section\">\n\t\t\t\t\t\t<div class=\"elementor-container elementor-column-gap-default\">\n\t\t\t\t\t<div class=\"elementor-column elementor-col-100 elementor-top-column elementor-element elementor-element-6c26f9de\" data-id=\"6c26f9de\" data-element_type=\"column\">\n\t\t\t<div class=\"elementor-widget-wrap elementor-element-populated\">\n\t\t\t\t\t\t<div class=\"elementor-element elementor-element-56584623 animated-slow elementor-invisible elementor-widget elementor-widget-text-editor\" data-id=\"56584623\" data-element_type=\"widget\" data-settings=\"{&quot;_animation&quot;:&quot;slideInUp&quot;}\" data-widget_type=\"text-editor.default\">\n\t\t\t\t<div class=\"elementor-widget-container\">\n\t\t\t\t\t\t\t\t\t<p><\/p>\n<p>Kapacita 38 l\u016f\u017eek. Ubytov\u00e1n\u00ed ve 2, 3, 4, 5 l\u016f\u017ekov\u00fdch pokoj\u00edch. Stravov\u00e1n\u00ed formou sn\u00eddan\u011b, polopenze, pln\u00e9 penze. Ka\u017ed\u00fd pokoj m\u00e1 sv\u00e9 soci\u00e1ln\u00ed za\u0159\u00edzen\u00ed a lednici. D\u00edky spolupr\u00e1ci s nedalek\u00fdm penzionem jsme schopni ubytovat i v\u011bt\u0161\u00ed skupiny<\/p>\n<p><\/p>\t\t\t\t\t\t\t\t<\/div>\n\t\t\t\t<\/div>\n\t\t\t\t\t<\/div>\n\t\t<\/div>\n\t\t\t\t\t<\/div>\n\t\t<\/section>\n\t\t\t\t<section class=\"elementor-section elementor-top-section elementor-element elementor-element-1cf6a1e elementor-section-boxed elementor-section-height-default elementor-section-height-default\" data-id=\"1cf6a1e\" data-element_type=\"section\">\n\t\t\t\t\t\t<div class=\"elementor-container elementor-column-gap-default\">\n\t\t\t\t\t<div class=\"elementor-column elementor-col-100 elementor-top-column elementor-element elementor-element-c3334cc\" data-id=\"c3334cc\" data-element_type=\"column\">\n\t\t\t<div class=\"elementor-widget-wrap elementor-element-populated\">\n\t\t\t\t\t\t<div class=\"elementor-element elementor-element-dc2e280 elementor-invisible elementor-widget elementor-widget-text-editor\" data-id=\"dc2e280\" data-element_type=\"widget\" data-settings=\"{&quot;_animation&quot;:&quot;fadeIn&quot;,&quot;_animation_delay&quot;:800}\" data-widget_type=\"text-editor.default\">\n\t\t\t\t<div class=\"elementor-widget-container\">\n\t\t\t\t\t\t\t\t\t<h5 style=\"padding-top: 1.5em;\">CEN\u00cdK 2023<\/h5>\n<div>k cen\u00e1m bude p\u0159ipo\u010dten m\u00edstn\u00ed poplatek z pobytu M\u00fa Police na Metuj\u00ed<br \/>\u00a0 \u00a0 \u00a0 \u00a0 \u00a0 \u00a0 \u00a0 \u00a0 \u00a0 \u00a0 \u00a0 \u00a0 \u00a0 \u00a0 \u00a0 \u00a0 \u00a0 \u00a0 \u00a0 \u00a0 \u00a0 \u00a0 \u00a0 \u00a0 \u00a0 \u00a0 \u00a020K\u010d\/den<\/div>\t\t\t\t\t\t\t\t<\/div>\n\t\t\t\t<\/div>\n\t\t\t\t\t<\/div>\n\t\t<\/div>\n\t\t\t\t\t<\/div>\n\t\t<\/section>\n\t\t\t\t<section class=\"elementor-section elementor-top-section elementor-element elementor-element-72fbc14 elementor-section-stretched elementor-section-boxed elementor-section-height-default elementor-section-height-default\" data-id=\"72fbc14\" data-element_type=\"section\" data-settings=\"{&quot;stretch_section&quot;:&quot;section-stretched&quot;}\">\n\t\t\t\t\t\t<div class=\"elementor-container elementor-column-gap-default\">\n\t\t\t\t\t<div class=\"elementor-column elementor-col-100 elementor-top-column elementor-element elementor-element-be2f9ad\" data-id=\"be2f9ad\" data-element_type=\"column\">\n\t\t\t<div class=\"elementor-widget-wrap elementor-element-populated\">\n\t\t\t\t\t\t<div class=\"elementor-element elementor-element-b3fb52f elementor-invisible elementor-widget elementor-widget-toggle\" data-id=\"b3fb52f\" data-element_type=\"widget\" data-settings=\"{&quot;_animation&quot;:&quot;fadeIn&quot;,&quot;_animation_delay&quot;:800}\" data-widget_type=\"toggle.default\">\n\t\t\t\t<div class=\"elementor-widget-container\">\n\t\t\t\t\t\t\t<div class=\"elementor-toggle\">\n\t\t\t\t\t\t\t<div class=\"elementor-toggle-item\">\n\t\t\t\t\t<div id=\"elementor-tab-title-1881\" class=\"elementor-tab-title\" data-tab=\"1\" role=\"button\" aria-controls=\"elementor-tab-content-1881\" aria-expanded=\"false\">\n\t\t\t\t\t\t\t\t\t\t\t\t<span class=\"elementor-toggle-icon elementor-toggle-icon-left\" aria-hidden=\"true\">\n\t\t\t\t\t\t\t\t\t\t\t\t\t\t\t<i class=\"elementor-toggle-icon-closed fa fa-caret-right\"><\/i>\n\t\t\t\t\t\t\t\t<i class=\"elementor-toggle-icon-opened fa fa-caret-up\"><\/i>\n\t\t\t\t\t\t\t\t\t\t\t\t\t<\/span>\n\t\t\t\t\t\t\t\t\t\t\t\t<a class=\"elementor-toggle-title\" tabindex=\"0\">d\u011bti 3-9,99 let\/noc<\/a>\n\t\t\t\t\t<\/div>\n\n\t\t\t\t\t<div id=\"elementor-tab-content-1881\" class=\"elementor-tab-content elementor-clearfix\" data-tab=\"1\" role=\"region\" aria-labelledby=\"elementor-tab-title-1881\"><p>\u00a0 \u00a0 \u00a0od 450 K\u010d\u00a0 \u00a0 \u00a0 \u00a0 \u00a0 \u00a0 \u00a0 \u00a0 \u00a0 \u00a0 \u00a0 \u00a0 \u00a0 \u00a0 \u00a0\u00a0<span style=\"font-size: 1rem;\">se sn\u00eddan\u00ed od 570 K\u010d<\/span><span style=\"font-size: 1rem;\">\u00a0 \u00a0 \u00a0 \u00a0 \u00a0 \u00a0 \u00a0 \u00a0 \u00a0 \u00a0 \u00a0\u00a0<\/span><\/p>\n<p>\u00a0<\/p><\/div>\n\t\t\t\t<\/div>\n\t\t\t\t\t\t\t<div class=\"elementor-toggle-item\">\n\t\t\t\t\t<div id=\"elementor-tab-title-1882\" class=\"elementor-tab-title\" data-tab=\"2\" role=\"button\" aria-controls=\"elementor-tab-content-1882\" aria-expanded=\"false\">\n\t\t\t\t\t\t\t\t\t\t\t\t<span class=\"elementor-toggle-icon elementor-toggle-icon-left\" aria-hidden=\"true\">\n\t\t\t\t\t\t\t\t\t\t\t\t\t\t\t<i class=\"elementor-toggle-icon-closed fa fa-caret-right\"><\/i>\n\t\t\t\t\t\t\t\t<i class=\"elementor-toggle-icon-opened fa fa-caret-up\"><\/i>\n\t\t\t\t\t\t\t\t\t\t\t\t\t<\/span>\n\t\t\t\t\t\t\t\t\t\t\t\t<a class=\"elementor-toggle-title\" tabindex=\"0\">1 osoba \/ noc<\/a>\n\t\t\t\t\t<\/div>\n\n\t\t\t\t\t<div id=\"elementor-tab-content-1882\" class=\"elementor-tab-content elementor-clearfix\" data-tab=\"2\" role=\"region\" aria-labelledby=\"elementor-tab-title-1882\"><p>\u00a0 \u00a0 \u00a0od 720 K\u010d\u00a0 \u00a0 \u00a0 \u00a0 2 a v\u00edce noc\u00ed od 620 K\u010d\u00a0 \u00a0 \u00a0 4 a v\u00edce od 590 K\u010d<\/p>\n<p>\u00a0<\/p><\/div>\n\t\t\t\t<\/div>\n\t\t\t\t\t\t\t<div class=\"elementor-toggle-item\">\n\t\t\t\t\t<div id=\"elementor-tab-title-1883\" class=\"elementor-tab-title\" data-tab=\"3\" role=\"button\" aria-controls=\"elementor-tab-content-1883\" aria-expanded=\"false\">\n\t\t\t\t\t\t\t\t\t\t\t\t<span class=\"elementor-toggle-icon elementor-toggle-icon-left\" aria-hidden=\"true\">\n\t\t\t\t\t\t\t\t\t\t\t\t\t\t\t<i class=\"elementor-toggle-icon-closed fa fa-caret-right\"><\/i>\n\t\t\t\t\t\t\t\t<i class=\"elementor-toggle-icon-opened fa fa-caret-up\"><\/i>\n\t\t\t\t\t\t\t\t\t\t\t\t\t<\/span>\n\t\t\t\t\t\t\t\t\t\t\t\t<a class=\"elementor-toggle-title\" tabindex=\"0\">1 osoba \/ noc se sn\u00eddan\u00ed<\/a>\n\t\t\t\t\t<\/div>\n\n\t\t\t\t\t<div id=\"elementor-tab-content-1883\" class=\"elementor-tab-content elementor-clearfix\" data-tab=\"3\" role=\"region\" aria-labelledby=\"elementor-tab-title-1883\"><p>\u00a0 \u00a0 od 860 K\u010d\u00a0 \u00a0 \u00a0 \u00a0 \u00a02 a v\u00edce noc\u00ed od 760 K\u010d\u00a0 \u00a0 \u00a0 \u00a04 a v\u00edce od 730 K\u010d<\/p><\/div>\n\t\t\t\t<\/div>\n\t\t\t\t\t\t\t<div class=\"elementor-toggle-item\">\n\t\t\t\t\t<div id=\"elementor-tab-title-1884\" class=\"elementor-tab-title\" data-tab=\"4\" role=\"button\" aria-controls=\"elementor-tab-content-1884\" aria-expanded=\"false\">\n\t\t\t\t\t\t\t\t\t\t\t\t<span class=\"elementor-toggle-icon elementor-toggle-icon-left\" aria-hidden=\"true\">\n\t\t\t\t\t\t\t\t\t\t\t\t\t\t\t<i class=\"elementor-toggle-icon-closed fa fa-caret-right\"><\/i>\n\t\t\t\t\t\t\t\t<i class=\"elementor-toggle-icon-opened fa fa-caret-up\"><\/i>\n\t\t\t\t\t\t\t\t\t\t\t\t\t<\/span>\n\t\t\t\t\t\t\t\t\t\t\t\t<a class=\"elementor-toggle-title\" tabindex=\"0\">1 osoba \/ noc polopenze<\/a>\n\t\t\t\t\t<\/div>\n\n\t\t\t\t\t<div id=\"elementor-tab-content-1884\" class=\"elementor-tab-content elementor-clearfix\" data-tab=\"4\" role=\"region\" aria-labelledby=\"elementor-tab-title-1884\"><p>\u00a0 \u00a0 \u00a0od\u00a0<span style=\"font-size: 1rem;\">10<i>5<\/i><\/span><span style=\"font-size: 1rem;\">0 K\u010d\u00a0 \u00a0 \u00a02 a v\u00edce noc\u00ed od 950 K\u010d\u00a0 \u00a0 \u00a0 \u00a04 a v\u00edce od 920 K\u010d<\/span><\/p><\/div>\n\t\t\t\t<\/div>\n\t\t\t\t\t\t\t<div class=\"elementor-toggle-item\">\n\t\t\t\t\t<div id=\"elementor-tab-title-1885\" class=\"elementor-tab-title\" data-tab=\"5\" role=\"button\" aria-controls=\"elementor-tab-content-1885\" aria-expanded=\"false\">\n\t\t\t\t\t\t\t\t\t\t\t\t<span class=\"elementor-toggle-icon elementor-toggle-icon-left\" aria-hidden=\"true\">\n\t\t\t\t\t\t\t\t\t\t\t\t\t\t\t<i class=\"elementor-toggle-icon-closed fa fa-caret-right\"><\/i>\n\t\t\t\t\t\t\t\t<i class=\"elementor-toggle-icon-opened fa fa-caret-up\"><\/i>\n\t\t\t\t\t\t\t\t\t\t\t\t\t<\/span>\n\t\t\t\t\t\t\t\t\t\t\t\t<a class=\"elementor-toggle-title\" tabindex=\"0\">D\u011bti do 3 let<\/a>\n\t\t\t\t\t<\/div>\n\n\t\t\t\t\t<div id=\"elementor-tab-content-1885\" class=\"elementor-tab-content elementor-clearfix\" data-tab=\"5\" role=\"region\" aria-labelledby=\"elementor-tab-title-1885\"><p>\u00a0 \u00a0 \u00a0Zdarma, mo\u017enost p\u0159ist\u00fdlky za 250 K\u010d na cel\u00fd pobyt\u00a0 \u00a0\u00a0<\/p><\/div>\n\t\t\t\t<\/div>\n\t\t\t\t\t\t\t<div class=\"elementor-toggle-item\">\n\t\t\t\t\t<div id=\"elementor-tab-title-1886\" class=\"elementor-tab-title\" data-tab=\"6\" role=\"button\" aria-controls=\"elementor-tab-content-1886\" aria-expanded=\"false\">\n\t\t\t\t\t\t\t\t\t\t\t\t<span class=\"elementor-toggle-icon elementor-toggle-icon-left\" aria-hidden=\"true\">\n\t\t\t\t\t\t\t\t\t\t\t\t\t\t\t<i class=\"elementor-toggle-icon-closed fa fa-caret-right\"><\/i>\n\t\t\t\t\t\t\t\t<i class=\"elementor-toggle-icon-opened fa fa-caret-up\"><\/i>\n\t\t\t\t\t\t\t\t\t\t\t\t\t<\/span>\n\t\t\t\t\t\t\t\t\t\t\t\t<a class=\"elementor-toggle-title\" tabindex=\"0\">Psi a ko\u010dky s vlastn\u00edm pel\u00ed\u0161kem<\/a>\n\t\t\t\t\t<\/div>\n\n\t\t\t\t\t<div id=\"elementor-tab-content-1886\" class=\"elementor-tab-content elementor-clearfix\" data-tab=\"6\" role=\"region\" aria-labelledby=\"elementor-tab-title-1886\"><p>\u00a0 \u00a0 \u00a070 K\u010d\/noc\u00a0 \u00a0 \u00a0 \u00a0 \u00a0 \u00a0 \u00a0 \u00a0 \u00a0 \u00a0 \u00a0 \u00a0 \u00a0 \u00a03 a v\u00edce noc\u00ed 190 K\u010d celkem<\/p>\n<p>\u00a0 \u00a0 \u00a0 bez m\u00edstn\u00edho poplatku z pobytu\u00a0<\/p><\/div>\n\t\t\t\t<\/div>\n\t\t\t\t\t\t\t\t<\/div>\n\t\t\t\t\t\t<\/div>\n\t\t\t\t<\/div>\n\t\t\t\t\t<\/div>\n\t\t<\/div>\n\t\t\t\t\t<\/div>\n\t\t<\/section>\n\t\t\t\t<section class=\"elementor-section elementor-top-section elementor-element elementor-element-4fb07ff elementor-section-boxed elementor-section-height-default elementor-section-height-default\" data-id=\"4fb07ff\" data-element_type=\"section\">\n\t\t\t\t\t\t<div class=\"elementor-container elementor-column-gap-default\">\n\t\t\t\t\t<div class=\"elementor-column elementor-col-100 elementor-top-column elementor-element elementor-element-7273d58\" data-id=\"7273d58\" data-element_type=\"column\">\n\t\t\t<div class=\"elementor-widget-wrap elementor-element-populated\">\n\t\t\t\t\t\t<div class=\"elementor-element elementor-element-a5da393 elementor-invisible elementor-widget elementor-widget-image-gallery\" data-id=\"a5da393\" data-element_type=\"widget\" data-settings=\"{&quot;_animation&quot;:&quot;fadeIn&quot;,&quot;_animation_delay&quot;:800}\" data-widget_type=\"image-gallery.default\">\n\t\t\t\t<div class=\"elementor-widget-container\">\n\t\t\t\t\t\t\t<div class=\"elementor-image-gallery\">\n\t\t\t<div id='gallery-1' class='gallery galleryid-302 gallery-columns-6 gallery-size-thumbnail'><figure class='gallery-item'>\n\t\t\t<div class='gallery-icon landscape'>\n\t\t\t\t<a data-elementor-open-lightbox=\"yes\" data-elementor-lightbox-slideshow=\"a5da393\" data-elementor-lightbox-title=\"DSC_0150\" data-e-action-hash=\"#elementor-action%3Aaction%3Dlightbox%26settings%3DeyJpZCI6NTMxLCJ1cmwiOiJodHRwczpcL1wvaG90ZWwtb3N0YXMuY3pcL3dwLWNvbnRlbnRcL3VwbG9hZHNcLzIwMjFcLzAyXC9EU0NfMDE1MC5qcGciLCJzbGlkZXNob3ciOiJhNWRhMzkzIn0%3D\" href='https:\/\/hotel-ostas.cz\/wp-content\/uploads\/2021\/02\/DSC_0150.jpg'><img decoding=\"async\" width=\"150\" height=\"150\" src=\"https:\/\/hotel-ostas.cz\/wp-content\/uploads\/2021\/02\/DSC_0150-150x150.jpg\" class=\"attachment-thumbnail size-thumbnail\" alt=\"\" srcset=\"https:\/\/hotel-ostas.cz\/wp-content\/uploads\/2021\/02\/DSC_0150-150x150.jpg 150w, https:\/\/hotel-ostas.cz\/wp-content\/uploads\/2021\/02\/DSC_0150-100x100.jpg 100w\" sizes=\"100vw\" \/><\/a>\n\t\t\t<\/div><\/figure><figure class='gallery-item'>\n\t\t\t<div class='gallery-icon landscape'>\n\t\t\t\t<a data-elementor-open-lightbox=\"yes\" data-elementor-lightbox-slideshow=\"a5da393\" data-elementor-lightbox-title=\"DSC_0154\" data-e-action-hash=\"#elementor-action%3Aaction%3Dlightbox%26settings%3DeyJpZCI6NTMyLCJ1cmwiOiJodHRwczpcL1wvaG90ZWwtb3N0YXMuY3pcL3dwLWNvbnRlbnRcL3VwbG9hZHNcLzIwMjFcLzAyXC9EU0NfMDE1NC5qcGciLCJzbGlkZXNob3ciOiJhNWRhMzkzIn0%3D\" href='https:\/\/hotel-ostas.cz\/wp-content\/uploads\/2021\/02\/DSC_0154.jpg'><img decoding=\"async\" width=\"150\" height=\"150\" src=\"https:\/\/hotel-ostas.cz\/wp-content\/uploads\/2021\/02\/DSC_0154-150x150.jpg\" class=\"attachment-thumbnail size-thumbnail\" alt=\"\" srcset=\"https:\/\/hotel-ostas.cz\/wp-content\/uploads\/2021\/02\/DSC_0154-150x150.jpg 150w, https:\/\/hotel-ostas.cz\/wp-content\/uploads\/2021\/02\/DSC_0154-100x100.jpg 100w\" sizes=\"100vw\" \/><\/a>\n\t\t\t<\/div><\/figure><figure class='gallery-item'>\n\t\t\t<div class='gallery-icon landscape'>\n\t\t\t\t<a data-elementor-open-lightbox=\"yes\" data-elementor-lightbox-slideshow=\"a5da393\" data-elementor-lightbox-title=\"DSC_0161\" data-e-action-hash=\"#elementor-action%3Aaction%3Dlightbox%26settings%3DeyJpZCI6NTM0LCJ1cmwiOiJodHRwczpcL1wvaG90ZWwtb3N0YXMuY3pcL3dwLWNvbnRlbnRcL3VwbG9hZHNcLzIwMjFcLzAyXC9EU0NfMDE2MS5qcGciLCJzbGlkZXNob3ciOiJhNWRhMzkzIn0%3D\" href='https:\/\/hotel-ostas.cz\/wp-content\/uploads\/2021\/02\/DSC_0161.jpg'><img decoding=\"async\" width=\"150\" height=\"150\" src=\"https:\/\/hotel-ostas.cz\/wp-content\/uploads\/2021\/02\/DSC_0161-150x150.jpg\" class=\"attachment-thumbnail size-thumbnail\" alt=\"\" srcset=\"https:\/\/hotel-ostas.cz\/wp-content\/uploads\/2021\/02\/DSC_0161-150x150.jpg 150w, https:\/\/hotel-ostas.cz\/wp-content\/uploads\/2021\/02\/DSC_0161-100x100.jpg 100w\" sizes=\"100vw\" \/><\/a>\n\t\t\t<\/div><\/figure><figure class='gallery-item'>\n\t\t\t<div class='gallery-icon landscape'>\n\t\t\t\t<a data-elementor-open-lightbox=\"yes\" data-elementor-lightbox-slideshow=\"a5da393\" data-elementor-lightbox-title=\"DSC_0164\" data-e-action-hash=\"#elementor-action%3Aaction%3Dlightbox%26settings%3DeyJpZCI6NTM1LCJ1cmwiOiJodHRwczpcL1wvaG90ZWwtb3N0YXMuY3pcL3dwLWNvbnRlbnRcL3VwbG9hZHNcLzIwMjFcLzAyXC9EU0NfMDE2NC5qcGciLCJzbGlkZXNob3ciOiJhNWRhMzkzIn0%3D\" href='https:\/\/hotel-ostas.cz\/wp-content\/uploads\/2021\/02\/DSC_0164.jpg'><img loading=\"lazy\" decoding=\"async\" width=\"150\" height=\"150\" src=\"https:\/\/hotel-ostas.cz\/wp-content\/uploads\/2021\/02\/DSC_0164-150x150.jpg\" class=\"attachment-thumbnail size-thumbnail\" alt=\"\" srcset=\"https:\/\/hotel-ostas.cz\/wp-content\/uploads\/2021\/02\/DSC_0164-150x150.jpg 150w, https:\/\/hotel-ostas.cz\/wp-content\/uploads\/2021\/02\/DSC_0164-100x100.jpg 100w\" sizes=\"100vw\" \/><\/a>\n\t\t\t<\/div><\/figure><figure class='gallery-item'>\n\t\t\t<div class='gallery-icon landscape'>\n\t\t\t\t<a data-elementor-open-lightbox=\"yes\" data-elementor-lightbox-slideshow=\"a5da393\" data-elementor-lightbox-title=\"DSC_0177\" data-e-action-hash=\"#elementor-action%3Aaction%3Dlightbox%26settings%3DeyJpZCI6NTM2LCJ1cmwiOiJodHRwczpcL1wvaG90ZWwtb3N0YXMuY3pcL3dwLWNvbnRlbnRcL3VwbG9hZHNcLzIwMjFcLzAyXC9EU0NfMDE3Ny5qcGciLCJzbGlkZXNob3ciOiJhNWRhMzkzIn0%3D\" href='https:\/\/hotel-ostas.cz\/wp-content\/uploads\/2021\/02\/DSC_0177.jpg'><img loading=\"lazy\" decoding=\"async\" width=\"150\" height=\"150\" src=\"https:\/\/hotel-ostas.cz\/wp-content\/uploads\/2021\/02\/DSC_0177-150x150.jpg\" class=\"attachment-thumbnail size-thumbnail\" alt=\"\" srcset=\"https:\/\/hotel-ostas.cz\/wp-content\/uploads\/2021\/02\/DSC_0177-150x150.jpg 150w, https:\/\/hotel-ostas.cz\/wp-content\/uploads\/2021\/02\/DSC_0177-100x100.jpg 100w\" sizes=\"100vw\" \/><\/a>\n\t\t\t<\/div><\/figure><figure class='gallery-item'>\n\t\t\t<div class='gallery-icon landscape'>\n\t\t\t\t<a data-elementor-open-lightbox=\"yes\" data-elementor-lightbox-slideshow=\"a5da393\" data-elementor-lightbox-title=\"DSC_0181\" data-e-action-hash=\"#elementor-action%3Aaction%3Dlightbox%26settings%3DeyJpZCI6NTM3LCJ1cmwiOiJodHRwczpcL1wvaG90ZWwtb3N0YXMuY3pcL3dwLWNvbnRlbnRcL3VwbG9hZHNcLzIwMjFcLzAyXC9EU0NfMDE4MS5qcGciLCJzbGlkZXNob3ciOiJhNWRhMzkzIn0%3D\" href='https:\/\/hotel-ostas.cz\/wp-content\/uploads\/2021\/02\/DSC_0181.jpg'><img loading=\"lazy\" decoding=\"async\" width=\"150\" height=\"150\" src=\"https:\/\/hotel-ostas.cz\/wp-content\/uploads\/2021\/02\/DSC_0181-150x150.jpg\" class=\"attachment-thumbnail size-thumbnail\" alt=\"\" srcset=\"https:\/\/hotel-ostas.cz\/wp-content\/uploads\/2021\/02\/DSC_0181-150x150.jpg 150w, https:\/\/hotel-ostas.cz\/wp-content\/uploads\/2021\/02\/DSC_0181-100x100.jpg 100w\" sizes=\"100vw\" \/><\/a>\n\t\t\t<\/div><\/figure><figure class='gallery-item'>\n\t\t\t<div class='gallery-icon landscape'>\n\t\t\t\t<a data-elementor-open-lightbox=\"yes\" data-elementor-lightbox-slideshow=\"a5da393\" data-elementor-lightbox-title=\"DSC_0184\" data-e-action-hash=\"#elementor-action%3Aaction%3Dlightbox%26settings%3DeyJpZCI6NTM4LCJ1cmwiOiJodHRwczpcL1wvaG90ZWwtb3N0YXMuY3pcL3dwLWNvbnRlbnRcL3VwbG9hZHNcLzIwMjFcLzAyXC9EU0NfMDE4NC5qcGciLCJzbGlkZXNob3ciOiJhNWRhMzkzIn0%3D\" href='https:\/\/hotel-ostas.cz\/wp-content\/uploads\/2021\/02\/DSC_0184.jpg'><img loading=\"lazy\" decoding=\"async\" width=\"150\" height=\"150\" src=\"https:\/\/hotel-ostas.cz\/wp-content\/uploads\/2021\/02\/DSC_0184-150x150.jpg\" class=\"attachment-thumbnail size-thumbnail\" alt=\"\" srcset=\"https:\/\/hotel-ostas.cz\/wp-content\/uploads\/2021\/02\/DSC_0184-150x150.jpg 150w, https:\/\/hotel-ostas.cz\/wp-content\/uploads\/2021\/02\/DSC_0184-100x100.jpg 100w\" sizes=\"100vw\" \/><\/a>\n\t\t\t<\/div><\/figure><figure class='gallery-item'>\n\t\t\t<div class='gallery-icon landscape'>\n\t\t\t\t<a data-elementor-open-lightbox=\"yes\" data-elementor-lightbox-slideshow=\"a5da393\" data-elementor-lightbox-title=\"DSC_0214\" data-e-action-hash=\"#elementor-action%3Aaction%3Dlightbox%26settings%3DeyJpZCI6NTM5LCJ1cmwiOiJodHRwczpcL1wvaG90ZWwtb3N0YXMuY3pcL3dwLWNvbnRlbnRcL3VwbG9hZHNcLzIwMjFcLzAyXC9EU0NfMDIxNC5qcGciLCJzbGlkZXNob3ciOiJhNWRhMzkzIn0%3D\" href='https:\/\/hotel-ostas.cz\/wp-content\/uploads\/2021\/02\/DSC_0214.jpg'><img loading=\"lazy\" decoding=\"async\" width=\"150\" height=\"150\" src=\"https:\/\/hotel-ostas.cz\/wp-content\/uploads\/2021\/02\/DSC_0214-150x150.jpg\" class=\"attachment-thumbnail size-thumbnail\" alt=\"\" srcset=\"https:\/\/hotel-ostas.cz\/wp-content\/uploads\/2021\/02\/DSC_0214-150x150.jpg 150w, https:\/\/hotel-ostas.cz\/wp-content\/uploads\/2021\/02\/DSC_0214-100x100.jpg 100w\" sizes=\"100vw\" \/><\/a>\n\t\t\t<\/div><\/figure><figure class='gallery-item'>\n\t\t\t<div class='gallery-icon landscape'>\n\t\t\t\t<a data-elementor-open-lightbox=\"yes\" data-elementor-lightbox-slideshow=\"a5da393\" data-elementor-lightbox-title=\"DSC_0221\" data-e-action-hash=\"#elementor-action%3Aaction%3Dlightbox%26settings%3DeyJpZCI6NTQwLCJ1cmwiOiJodHRwczpcL1wvaG90ZWwtb3N0YXMuY3pcL3dwLWNvbnRlbnRcL3VwbG9hZHNcLzIwMjFcLzAyXC9EU0NfMDIyMS5qcGciLCJzbGlkZXNob3ciOiJhNWRhMzkzIn0%3D\" href='https:\/\/hotel-ostas.cz\/wp-content\/uploads\/2021\/02\/DSC_0221.jpg'><img loading=\"lazy\" decoding=\"async\" width=\"150\" height=\"150\" src=\"https:\/\/hotel-ostas.cz\/wp-content\/uploads\/2021\/02\/DSC_0221-150x150.jpg\" class=\"attachment-thumbnail size-thumbnail\" alt=\"\" srcset=\"https:\/\/hotel-ostas.cz\/wp-content\/uploads\/2021\/02\/DSC_0221-150x150.jpg 150w, https:\/\/hotel-ostas.cz\/wp-content\/uploads\/2021\/02\/DSC_0221-100x100.jpg 100w\" sizes=\"100vw\" \/><\/a>\n\t\t\t<\/div><\/figure><figure class='gallery-item'>\n\t\t\t<div class='gallery-icon landscape'>\n\t\t\t\t<a data-elementor-open-lightbox=\"yes\" data-elementor-lightbox-slideshow=\"a5da393\" data-elementor-lightbox-title=\"DSC_0224\" data-e-action-hash=\"#elementor-action%3Aaction%3Dlightbox%26settings%3DeyJpZCI6NTQxLCJ1cmwiOiJodHRwczpcL1wvaG90ZWwtb3N0YXMuY3pcL3dwLWNvbnRlbnRcL3VwbG9hZHNcLzIwMjFcLzAyXC9EU0NfMDIyNC5qcGciLCJzbGlkZXNob3ciOiJhNWRhMzkzIn0%3D\" href='https:\/\/hotel-ostas.cz\/wp-content\/uploads\/2021\/02\/DSC_0224.jpg'><img loading=\"lazy\" decoding=\"async\" width=\"150\" height=\"150\" src=\"https:\/\/hotel-ostas.cz\/wp-content\/uploads\/2021\/02\/DSC_0224-150x150.jpg\" class=\"attachment-thumbnail size-thumbnail\" alt=\"\" srcset=\"https:\/\/hotel-ostas.cz\/wp-content\/uploads\/2021\/02\/DSC_0224-150x150.jpg 150w, https:\/\/hotel-ostas.cz\/wp-content\/uploads\/2021\/02\/DSC_0224-100x100.jpg 100w\" sizes=\"100vw\" \/><\/a>\n\t\t\t<\/div><\/figure><figure class='gallery-item'>\n\t\t\t<div class='gallery-icon landscape'>\n\t\t\t\t<a data-elementor-open-lightbox=\"yes\" data-elementor-lightbox-slideshow=\"a5da393\" data-elementor-lightbox-title=\"DSC_0267\" data-e-action-hash=\"#elementor-action%3Aaction%3Dlightbox%26settings%3DeyJpZCI6NTQyLCJ1cmwiOiJodHRwczpcL1wvaG90ZWwtb3N0YXMuY3pcL3dwLWNvbnRlbnRcL3VwbG9hZHNcLzIwMjFcLzAyXC9EU0NfMDI2Ny5qcGciLCJzbGlkZXNob3ciOiJhNWRhMzkzIn0%3D\" href='https:\/\/hotel-ostas.cz\/wp-content\/uploads\/2021\/02\/DSC_0267.jpg'><img loading=\"lazy\" decoding=\"async\" width=\"150\" height=\"150\" src=\"https:\/\/hotel-ostas.cz\/wp-content\/uploads\/2021\/02\/DSC_0267-150x150.jpg\" class=\"attachment-thumbnail size-thumbnail\" alt=\"\" srcset=\"https:\/\/hotel-ostas.cz\/wp-content\/uploads\/2021\/02\/DSC_0267-150x150.jpg 150w, https:\/\/hotel-ostas.cz\/wp-content\/uploads\/2021\/02\/DSC_0267-100x100.jpg 100w\" sizes=\"100vw\" \/><\/a>\n\t\t\t<\/div><\/figure>\n\t\t<\/div>\n\t\t<\/div>\n\t\t\t\t\t\t<\/div>\n\t\t\t\t<\/div>\n\t\t\t\t\t<\/div>\n\t\t<\/div>\n\t\t\t\t\t<\/div>\n\t\t<\/section>\n\t\t\t\t<\/div>\n\t\t","protected":false},"excerpt":{"rendered":"<p>Kapacita 38 l\u016f\u017eek. Ubytov\u00e1n\u00ed ve 2, 3, 4, 5 l\u016f\u017ekov\u00fdch pokoj\u00edch. Stravov\u00e1n\u00ed formou sn\u00eddan\u011b, polopenze, pln\u00e9 penze. Ka\u017ed\u00fd pokoj m\u00e1 sv\u00e9 soci\u00e1ln\u00ed za\u0159\u00edzen\u00ed a lednici. D\u00edky spolupr\u00e1ci s nedalek\u00fdm penzionem jsme schopni ubytovat i v\u011bt\u0161\u00ed skupiny CEN\u00cdK 2023 k cen\u00e1m bude p\u0159ipo\u010dten m\u00edstn\u00ed poplatek z pobytu M\u00fa Police na Metuj\u00ed\u00a0 \u00a0 \u00a0 \u00a0 \u00a0 \u00a0 &hellip; <\/p>\n<p class=\"link-more\"><a href=\"https:\/\/hotel-ostas.cz\/index.php\/ubytovani\/\" class=\"more-link\">Pokra\u010dovat ve \u010dten\u00ed<span class=\"screen-reader-text\"> &#8222;Ubytov\u00e1n\u00ed&#8220;<\/span><\/a><\/p>\n","protected":false},"author":1,"featured_media":0,"parent":0,"menu_order":0,"comment_status":"closed","ping_status":"closed","template":"","meta":{"footnotes":""},"class_list":["post-302","page","type-page","status-publish","hentry"],"_links":{"self":[{"href":"https:\/\/hotel-ostas.cz\/index.php\/wp-json\/wp\/v2\/pages\/302","targetHints":{"allow":["GET"]}}],"collection":[{"href":"https:\/\/hotel-ostas.cz\/index.php\/wp-json\/wp\/v2\/pages"}],"about":[{"href":"https:\/\/hotel-ostas.cz\/index.php\/wp-json\/wp\/v2\/types\/page"}],"author":[{"embeddable":true,"href":"https:\/\/hotel-ostas.cz\/index.php\/wp-json\/wp\/v2\/users\/1"}],"replies":[{"embeddable":true,"href":"https:\/\/hotel-ostas.cz\/index.php\/wp-json\/wp\/v2\/comments?post=302"}],"version-history":[{"count":54,"href":"https:\/\/hotel-ostas.cz\/index.php\/wp-json\/wp\/v2\/pages\/302\/revisions"}],"predecessor-version":[{"id":753,"href":"https:\/\/hotel-ostas.cz\/index.php\/wp-json\/wp\/v2\/pages\/302\/revisions\/753"}],"wp:attachment":[{"href":"https:\/\/hotel-ostas.cz\/index.php\/wp-json\/wp\/v2\/media?parent=302"}],"curies":[{"name":"wp","href":"https:\/\/api.w.org\/{rel}","templated":true}]}}