{"id":343,"date":"2021-01-13T01:01:26","date_gmt":"2021-01-13T01:01:26","guid":{"rendered":"https:\/\/hotel-ostas.cz\/?page_id=343"},"modified":"2022-07-23T22:27:12","modified_gmt":"2022-07-23T20:27:12","slug":"restaurace","status":"publish","type":"page","link":"https:\/\/hotel-ostas.cz\/index.php\/restaurace\/","title":{"rendered":"Restaurace"},"content":{"rendered":"\t\t<div data-elementor-type=\"wp-post\" data-elementor-id=\"343\" class=\"elementor elementor-343\">\n\t\t\t\t\t\t<section class=\"elementor-section elementor-top-section elementor-element elementor-element-a895378 elementor-section-boxed elementor-section-height-default elementor-section-height-default\" data-id=\"a895378\" data-element_type=\"section\">\n\t\t\t\t\t\t<div class=\"elementor-container elementor-column-gap-default\">\n\t\t\t\t\t<div class=\"elementor-column elementor-col-100 elementor-top-column elementor-element elementor-element-45a5ed5\" data-id=\"45a5ed5\" data-element_type=\"column\">\n\t\t\t<div class=\"elementor-widget-wrap elementor-element-populated\">\n\t\t\t\t\t\t<div class=\"elementor-element elementor-element-a39f6a9 elementor-invisible elementor-widget elementor-widget-text-editor\" data-id=\"a39f6a9\" data-element_type=\"widget\" data-settings=\"{&quot;_animation&quot;:&quot;slideInUp&quot;}\" data-widget_type=\"text-editor.default\">\n\t\t\t\t<div class=\"elementor-widget-container\">\n\t\t\t\t\t\t\t\t\t<p>Poctiv\u00e1 \u010desk\u00e1 kuchyn\u011b, v\u00fdb\u011br z hotov\u00fdch i minutkov\u00fdch j\u00eddel, kter\u00e1 V\u00e1m r\u00e1di zabal\u00edme. Letn\u00ed grilov\u00e1n\u00ed na zahr\u00e1dce. Va\u0159\u00edme po cel\u00fd den<\/p>\t\t\t\t\t\t\t\t<\/div>\n\t\t\t\t<\/div>\n\t\t\t\t\t<\/div>\n\t\t<\/div>\n\t\t\t\t\t<\/div>\n\t\t<\/section>\n\t\t\t\t<section class=\"elementor-section elementor-top-section elementor-element elementor-element-8f52ef6 elementor-section-boxed elementor-section-height-default elementor-section-height-default\" data-id=\"8f52ef6\" data-element_type=\"section\">\n\t\t\t\t\t\t<div class=\"elementor-container elementor-column-gap-default\">\n\t\t\t\t\t<div class=\"elementor-column elementor-col-100 elementor-top-column elementor-element elementor-element-1850ad6\" data-id=\"1850ad6\" data-element_type=\"column\">\n\t\t\t<div class=\"elementor-widget-wrap elementor-element-populated\">\n\t\t\t\t\t\t<div class=\"elementor-element elementor-element-8985ce3 elementor-invisible elementor-widget elementor-widget-image-gallery\" data-id=\"8985ce3\" data-element_type=\"widget\" data-settings=\"{&quot;_animation&quot;:&quot;fadeIn&quot;,&quot;_animation_delay&quot;:800}\" data-widget_type=\"image-gallery.default\">\n\t\t\t\t<div class=\"elementor-widget-container\">\n\t\t\t\t\t\t\t<div class=\"elementor-image-gallery\">\n\t\t\t<div id='gallery-1' class='gallery galleryid-343 gallery-columns-4 gallery-size-thumbnail'><figure class='gallery-item'>\n\t\t\t<div class='gallery-icon portrait'>\n\t\t\t\t<a data-elementor-open-lightbox=\"yes\" data-elementor-lightbox-slideshow=\"8985ce3\" data-elementor-lightbox-title=\"156752799_2563827803909507_1946524061193829325_o\" data-e-action-hash=\"#elementor-action%3Aaction%3Dlightbox%26settings%3DeyJpZCI6NjE5LCJ1cmwiOiJodHRwczpcL1wvaG90ZWwtb3N0YXMuY3pcL3dwLWNvbnRlbnRcL3VwbG9hZHNcLzIwMjFcLzAzXC8xNTY3NTI3OTlfMjU2MzgyNzgwMzkwOTUwN18xOTQ2NTI0MDYxMTkzODI5MzI1X28uanBnIiwic2xpZGVzaG93IjoiODk4NWNlMyJ9\" href='https:\/\/hotel-ostas.cz\/wp-content\/uploads\/2021\/03\/156752799_2563827803909507_1946524061193829325_o.jpg'><img decoding=\"async\" width=\"150\" height=\"150\" src=\"https:\/\/hotel-ostas.cz\/wp-content\/uploads\/2021\/03\/156752799_2563827803909507_1946524061193829325_o-150x150.jpg\" class=\"attachment-thumbnail size-thumbnail\" alt=\"\" srcset=\"https:\/\/hotel-ostas.cz\/wp-content\/uploads\/2021\/03\/156752799_2563827803909507_1946524061193829325_o-150x150.jpg 150w, https:\/\/hotel-ostas.cz\/wp-content\/uploads\/2021\/03\/156752799_2563827803909507_1946524061193829325_o-100x100.jpg 100w\" sizes=\"100vw\" \/><\/a>\n\t\t\t<\/div><\/figure><figure class='gallery-item'>\n\t\t\t<div class='gallery-icon portrait'>\n\t\t\t\t<a data-elementor-open-lightbox=\"yes\" data-elementor-lightbox-slideshow=\"8985ce3\" data-elementor-lightbox-title=\"147051043_2547601895532098_7690995858075568172_o\" data-e-action-hash=\"#elementor-action%3Aaction%3Dlightbox%26settings%3DeyJpZCI6NjE4LCJ1cmwiOiJodHRwczpcL1wvaG90ZWwtb3N0YXMuY3pcL3dwLWNvbnRlbnRcL3VwbG9hZHNcLzIwMjFcLzAzXC8xNDcwNTEwNDNfMjU0NzYwMTg5NTUzMjA5OF83NjkwOTk1ODU4MDc1NTY4MTcyX28uanBnIiwic2xpZGVzaG93IjoiODk4NWNlMyJ9\" href='https:\/\/hotel-ostas.cz\/wp-content\/uploads\/2021\/03\/147051043_2547601895532098_7690995858075568172_o.jpg'><img decoding=\"async\" width=\"150\" height=\"150\" src=\"https:\/\/hotel-ostas.cz\/wp-content\/uploads\/2021\/03\/147051043_2547601895532098_7690995858075568172_o-150x150.jpg\" class=\"attachment-thumbnail size-thumbnail\" alt=\"\" srcset=\"https:\/\/hotel-ostas.cz\/wp-content\/uploads\/2021\/03\/147051043_2547601895532098_7690995858075568172_o-150x150.jpg 150w, https:\/\/hotel-ostas.cz\/wp-content\/uploads\/2021\/03\/147051043_2547601895532098_7690995858075568172_o-100x100.jpg 100w\" sizes=\"100vw\" \/><\/a>\n\t\t\t<\/div><\/figure><figure class='gallery-item'>\n\t\t\t<div class='gallery-icon portrait'>\n\t\t\t\t<a data-elementor-open-lightbox=\"yes\" data-elementor-lightbox-slideshow=\"8985ce3\" data-elementor-lightbox-title=\"146485244_2547522265540061_3761141733796100539_o\" data-e-action-hash=\"#elementor-action%3Aaction%3Dlightbox%26settings%3DeyJpZCI6NjE3LCJ1cmwiOiJodHRwczpcL1wvaG90ZWwtb3N0YXMuY3pcL3dwLWNvbnRlbnRcL3VwbG9hZHNcLzIwMjFcLzAzXC8xNDY0ODUyNDRfMjU0NzUyMjI2NTU0MDA2MV8zNzYxMTQxNzMzNzk2MTAwNTM5X28uanBnIiwic2xpZGVzaG93IjoiODk4NWNlMyJ9\" href='https:\/\/hotel-ostas.cz\/wp-content\/uploads\/2021\/03\/146485244_2547522265540061_3761141733796100539_o.jpg'><img decoding=\"async\" width=\"150\" height=\"150\" src=\"https:\/\/hotel-ostas.cz\/wp-content\/uploads\/2021\/03\/146485244_2547522265540061_3761141733796100539_o-150x150.jpg\" class=\"attachment-thumbnail size-thumbnail\" alt=\"\" srcset=\"https:\/\/hotel-ostas.cz\/wp-content\/uploads\/2021\/03\/146485244_2547522265540061_3761141733796100539_o-150x150.jpg 150w, https:\/\/hotel-ostas.cz\/wp-content\/uploads\/2021\/03\/146485244_2547522265540061_3761141733796100539_o-100x100.jpg 100w\" sizes=\"100vw\" \/><\/a>\n\t\t\t<\/div><\/figure><figure class='gallery-item'>\n\t\t\t<div class='gallery-icon portrait'>\n\t\t\t\t<a data-elementor-open-lightbox=\"yes\" data-elementor-lightbox-slideshow=\"8985ce3\" data-elementor-lightbox-title=\"144330263_2543360385956249_8981527763312761218_o\" data-e-action-hash=\"#elementor-action%3Aaction%3Dlightbox%26settings%3DeyJpZCI6NjE2LCJ1cmwiOiJodHRwczpcL1wvaG90ZWwtb3N0YXMuY3pcL3dwLWNvbnRlbnRcL3VwbG9hZHNcLzIwMjFcLzAzXC8xNDQzMzAyNjNfMjU0MzM2MDM4NTk1NjI0OV84OTgxNTI3NzYzMzEyNzYxMjE4X28uanBnIiwic2xpZGVzaG93IjoiODk4NWNlMyJ9\" href='https:\/\/hotel-ostas.cz\/wp-content\/uploads\/2021\/03\/144330263_2543360385956249_8981527763312761218_o.jpg'><img loading=\"lazy\" decoding=\"async\" width=\"150\" height=\"150\" src=\"https:\/\/hotel-ostas.cz\/wp-content\/uploads\/2021\/03\/144330263_2543360385956249_8981527763312761218_o-150x150.jpg\" class=\"attachment-thumbnail size-thumbnail\" alt=\"\" srcset=\"https:\/\/hotel-ostas.cz\/wp-content\/uploads\/2021\/03\/144330263_2543360385956249_8981527763312761218_o-150x150.jpg 150w, https:\/\/hotel-ostas.cz\/wp-content\/uploads\/2021\/03\/144330263_2543360385956249_8981527763312761218_o-100x100.jpg 100w\" sizes=\"100vw\" \/><\/a>\n\t\t\t<\/div><\/figure><figure class='gallery-item'>\n\t\t\t<div class='gallery-icon portrait'>\n\t\t\t\t<a data-elementor-open-lightbox=\"yes\" data-elementor-lightbox-slideshow=\"8985ce3\" data-elementor-lightbox-title=\"DSC_0090\" data-e-action-hash=\"#elementor-action%3Aaction%3Dlightbox%26settings%3DeyJpZCI6NTkyLCJ1cmwiOiJodHRwczpcL1wvaG90ZWwtb3N0YXMuY3pcL3dwLWNvbnRlbnRcL3VwbG9hZHNcLzIwMjFcLzAzXC9EU0NfMDA5MC5qcGciLCJzbGlkZXNob3ciOiI4OTg1Y2UzIn0%3D\" href='https:\/\/hotel-ostas.cz\/wp-content\/uploads\/2021\/03\/DSC_0090.jpg'><img loading=\"lazy\" decoding=\"async\" width=\"150\" height=\"150\" src=\"https:\/\/hotel-ostas.cz\/wp-content\/uploads\/2021\/03\/DSC_0090-150x150.jpg\" class=\"attachment-thumbnail size-thumbnail\" alt=\"\" srcset=\"https:\/\/hotel-ostas.cz\/wp-content\/uploads\/2021\/03\/DSC_0090-150x150.jpg 150w, https:\/\/hotel-ostas.cz\/wp-content\/uploads\/2021\/03\/DSC_0090-100x100.jpg 100w\" sizes=\"100vw\" \/><\/a>\n\t\t\t<\/div><\/figure><figure class='gallery-item'>\n\t\t\t<div class='gallery-icon landscape'>\n\t\t\t\t<a data-elementor-open-lightbox=\"yes\" data-elementor-lightbox-slideshow=\"8985ce3\" data-elementor-lightbox-title=\"DSC_0084\" data-e-action-hash=\"#elementor-action%3Aaction%3Dlightbox%26settings%3DeyJpZCI6NTkwLCJ1cmwiOiJodHRwczpcL1wvaG90ZWwtb3N0YXMuY3pcL3dwLWNvbnRlbnRcL3VwbG9hZHNcLzIwMjFcLzAzXC9EU0NfMDA4NC5qcGciLCJzbGlkZXNob3ciOiI4OTg1Y2UzIn0%3D\" href='https:\/\/hotel-ostas.cz\/wp-content\/uploads\/2021\/03\/DSC_0084.jpg'><img loading=\"lazy\" decoding=\"async\" width=\"150\" height=\"150\" src=\"https:\/\/hotel-ostas.cz\/wp-content\/uploads\/2021\/03\/DSC_0084-150x150.jpg\" class=\"attachment-thumbnail size-thumbnail\" alt=\"\" srcset=\"https:\/\/hotel-ostas.cz\/wp-content\/uploads\/2021\/03\/DSC_0084-150x150.jpg 150w, https:\/\/hotel-ostas.cz\/wp-content\/uploads\/2021\/03\/DSC_0084-100x100.jpg 100w\" sizes=\"100vw\" \/><\/a>\n\t\t\t<\/div><\/figure>\n\t\t<\/div>\n\t\t<\/div>\n\t\t\t\t\t\t<\/div>\n\t\t\t\t<\/div>\n\t\t\t\t\t<\/div>\n\t\t<\/div>\n\t\t\t\t\t<\/div>\n\t\t<\/section>\n\t\t\t\t<\/div>\n\t\t","protected":false},"excerpt":{"rendered":"<p>Poctiv\u00e1 \u010desk\u00e1 kuchyn\u011b, v\u00fdb\u011br z hotov\u00fdch i minutkov\u00fdch j\u00eddel, kter\u00e1 V\u00e1m r\u00e1di zabal\u00edme. Letn\u00ed grilov\u00e1n\u00ed na zahr\u00e1dce. Va\u0159\u00edme po cel\u00fd den<\/p>\n","protected":false},"author":1,"featured_media":0,"parent":0,"menu_order":0,"comment_status":"closed","ping_status":"closed","template":"","meta":{"footnotes":""},"class_list":["post-343","page","type-page","status-publish","hentry"],"_links":{"self":[{"href":"https:\/\/hotel-ostas.cz\/index.php\/wp-json\/wp\/v2\/pages\/343","targetHints":{"allow":["GET"]}}],"collection":[{"href":"https:\/\/hotel-ostas.cz\/index.php\/wp-json\/wp\/v2\/pages"}],"about":[{"href":"https:\/\/hotel-ostas.cz\/index.php\/wp-json\/wp\/v2\/types\/page"}],"author":[{"embeddable":true,"href":"https:\/\/hotel-ostas.cz\/index.php\/wp-json\/wp\/v2\/users\/1"}],"replies":[{"embeddable":true,"href":"https:\/\/hotel-ostas.cz\/index.php\/wp-json\/wp\/v2\/comments?post=343"}],"version-history":[{"count":21,"href":"https:\/\/hotel-ostas.cz\/index.php\/wp-json\/wp\/v2\/pages\/343\/revisions"}],"predecessor-version":[{"id":729,"href":"https:\/\/hotel-ostas.cz\/index.php\/wp-json\/wp\/v2\/pages\/343\/revisions\/729"}],"wp:attachment":[{"href":"https:\/\/hotel-ostas.cz\/index.php\/wp-json\/wp\/v2\/media?parent=343"}],"curies":[{"name":"wp","href":"https:\/\/api.w.org\/{rel}","templated":true}]}}